{"id":13268,"date":"2026-02-08T02:15:34","date_gmt":"2026-02-08T02:15:34","guid":{"rendered":"https:\/\/uniqueworldss.shop\/?post_type=product&#038;p=13268"},"modified":"2026-02-08T02:29:55","modified_gmt":"2026-02-08T02:29:55","slug":"fiambrera-electrica-con-calentador-de-alimentos-fiambrera-con-autocalentamiento-de-80w-12v-24v-220v-15l-18lcon-bolsa-aislante-mantiene-la-comida-caliente-en-cualquier-lugar","status":"publish","type":"product","link":"https:\/\/uniqueworldss.shop\/es\/producto\/fiambrera-electrica-con-calentador-de-alimentos-fiambrera-con-autocalentamiento-de-80w-12v-24v-220v-15l-18lcon-bolsa-aislante-mantiene-la-comida-caliente-en-cualquier-lugar\/","title":{"rendered":"Fiambrera el\u00e9ctrica con calentador de alimentos, fiambrera con autocalentamiento de 80W, 12V \/ 24V \/ 220V (1,5L \/ 1,8L)con bolsa aislante, mantiene la comida caliente en cualquier lugar"},"content":{"rendered":"<div data-elementor-type=\"product-post\" data-elementor-id=\"13268\" class=\"elementor elementor-13268\" data-elementor-post-type=\"product\">\n\t\t\t\t<div class=\"elementor-element elementor-element-30be2eee e-con-full e-flex e-con e-parent\" data-id=\"30be2eee\" data-element_type=\"container\" data-settings=\"{&quot;ekit_has_onepagescroll_dot&quot;:&quot;yes&quot;}\">\n\t\t\t\t<div class=\"elementor-element elementor-element-6129694e elementor-widget elementor-widget-video\" data-id=\"6129694e\" data-element_type=\"widget\" data-settings=\"{&quot;video_type&quot;:&quot;hosted&quot;,&quot;controls&quot;:&quot;yes&quot;,&quot;ekit_we_effect_on&quot;:&quot;none&quot;}\" data-widget_type=\"video.default\">\n\t\t\t\t<div class=\"elementor-widget-container\">\n\t\t\t\t\t\t\t<div class=\"e-hosted-video elementor-wrapper elementor-open-inline\">\n\t\t\t\t\t<video class=\"elementor-video\" src=\"https:\/\/uniqueworldss.shop\/wp-content\/uploads\/2026\/02\/video_2026-02-06_15-03-21.mp4\" controls=\"\" preload=\"metadata\" controlslist=\"nodownload\"><\/video>\n\t\t\t\t<\/div>\n\t\t\t\t\t\t<\/div>\n\t\t\t\t<\/div>\n\t\t\t\t<div class=\"elementor-element elementor-element-28991809 elementor-widget elementor-widget-image\" data-id=\"28991809\" data-element_type=\"widget\" data-settings=\"{&quot;ekit_we_effect_on&quot;:&quot;none&quot;}\" data-widget_type=\"image.default\">\n\t\t\t\t<div class=\"elementor-widget-container\">\n\t\t\t\t\t\t\t\t\t\t\t\t\t\t\t<img loading=\"lazy\" decoding=\"async\" width=\"960\" height=\"960\" src=\"https:\/\/uniqueworldss.shop\/wp-content\/uploads\/2026\/02\/S657eaf9d72f640538c7b97f6097cdac66.webp\" class=\"attachment-large size-large wp-image-13279 wvs-archive-product-image\" alt=\"\" srcset=\"https:\/\/uniqueworldss.shop\/wp-content\/uploads\/2026\/02\/S657eaf9d72f640538c7b97f6097cdac66.webp 960w, https:\/\/uniqueworldss.shop\/wp-content\/uploads\/2026\/02\/S657eaf9d72f640538c7b97f6097cdac66-300x300.webp 300w, https:\/\/uniqueworldss.shop\/wp-content\/uploads\/2026\/02\/S657eaf9d72f640538c7b97f6097cdac66-150x150.webp 150w, https:\/\/uniqueworldss.shop\/wp-content\/uploads\/2026\/02\/S657eaf9d72f640538c7b97f6097cdac66-768x768.webp 768w, https:\/\/uniqueworldss.shop\/wp-content\/uploads\/2026\/02\/S657eaf9d72f640538c7b97f6097cdac66-12x12.webp 12w, https:\/\/uniqueworldss.shop\/wp-content\/uploads\/2026\/02\/S657eaf9d72f640538c7b97f6097cdac66-600x600.webp 600w, https:\/\/uniqueworldss.shop\/wp-content\/uploads\/2026\/02\/S657eaf9d72f640538c7b97f6097cdac66-100x100.webp 100w, https:\/\/uniqueworldss.shop\/wp-content\/uploads\/2026\/02\/S657eaf9d72f640538c7b97f6097cdac66-50x50.webp 50w, https:\/\/uniqueworldss.shop\/wp-content\/uploads\/2026\/02\/S657eaf9d72f640538c7b97f6097cdac66-1x1.webp 1w, https:\/\/uniqueworldss.shop\/wp-content\/uploads\/2026\/02\/S657eaf9d72f640538c7b97f6097cdac66-10x10.webp 10w\" sizes=\"auto, (max-width: 960px) 100vw, 960px\" \/>\t\t\t\t\t\t\t\t\t\t\t\t\t\t\t<\/div>\n\t\t\t\t<\/div>\n\t\t\t\t<div class=\"elementor-element elementor-element-1903c8b3 elementor-widget elementor-widget-image\" data-id=\"1903c8b3\" data-element_type=\"widget\" data-settings=\"{&quot;ekit_we_effect_on&quot;:&quot;none&quot;}\" data-widget_type=\"image.default\">\n\t\t\t\t<div class=\"elementor-widget-container\">\n\t\t\t\t\t\t\t\t\t\t\t\t\t\t\t<img loading=\"lazy\" decoding=\"async\" width=\"960\" height=\"960\" src=\"https:\/\/uniqueworldss.shop\/wp-content\/uploads\/2026\/02\/S96bc0f4e52ed413cb7828268781548cfE.webp\" class=\"attachment-large size-large wp-image-13280 wvs-archive-product-image\" alt=\"\" srcset=\"https:\/\/uniqueworldss.shop\/wp-content\/uploads\/2026\/02\/S96bc0f4e52ed413cb7828268781548cfE.webp 960w, https:\/\/uniqueworldss.shop\/wp-content\/uploads\/2026\/02\/S96bc0f4e52ed413cb7828268781548cfE-300x300.webp 300w, https:\/\/uniqueworldss.shop\/wp-content\/uploads\/2026\/02\/S96bc0f4e52ed413cb7828268781548cfE-150x150.webp 150w, https:\/\/uniqueworldss.shop\/wp-content\/uploads\/2026\/02\/S96bc0f4e52ed413cb7828268781548cfE-768x768.webp 768w, https:\/\/uniqueworldss.shop\/wp-content\/uploads\/2026\/02\/S96bc0f4e52ed413cb7828268781548cfE-12x12.webp 12w, https:\/\/uniqueworldss.shop\/wp-content\/uploads\/2026\/02\/S96bc0f4e52ed413cb7828268781548cfE-600x600.webp 600w, https:\/\/uniqueworldss.shop\/wp-content\/uploads\/2026\/02\/S96bc0f4e52ed413cb7828268781548cfE-100x100.webp 100w, https:\/\/uniqueworldss.shop\/wp-content\/uploads\/2026\/02\/S96bc0f4e52ed413cb7828268781548cfE-50x50.webp 50w, https:\/\/uniqueworldss.shop\/wp-content\/uploads\/2026\/02\/S96bc0f4e52ed413cb7828268781548cfE-1x1.webp 1w, https:\/\/uniqueworldss.shop\/wp-content\/uploads\/2026\/02\/S96bc0f4e52ed413cb7828268781548cfE-10x10.webp 10w\" sizes=\"auto, (max-width: 960px) 100vw, 960px\" \/>\t\t\t\t\t\t\t\t\t\t\t\t\t\t\t<\/div>\n\t\t\t\t<\/div>\n\t\t\t\t<div class=\"elementor-element elementor-element-7025608d elementor-widget elementor-widget-image\" data-id=\"7025608d\" data-element_type=\"widget\" data-settings=\"{&quot;ekit_we_effect_on&quot;:&quot;none&quot;}\" data-widget_type=\"image.default\">\n\t\t\t\t<div class=\"elementor-widget-container\">\n\t\t\t\t\t\t\t\t\t\t\t\t\t\t\t<img loading=\"lazy\" decoding=\"async\" width=\"960\" height=\"960\" src=\"https:\/\/uniqueworldss.shop\/wp-content\/uploads\/2026\/02\/S2b3530bd285e4eefadc714ac368e659a1.webp\" class=\"attachment-large size-large wp-image-13281 wvs-archive-product-image\" alt=\"\" srcset=\"https:\/\/uniqueworldss.shop\/wp-content\/uploads\/2026\/02\/S2b3530bd285e4eefadc714ac368e659a1.webp 960w, https:\/\/uniqueworldss.shop\/wp-content\/uploads\/2026\/02\/S2b3530bd285e4eefadc714ac368e659a1-300x300.webp 300w, https:\/\/uniqueworldss.shop\/wp-content\/uploads\/2026\/02\/S2b3530bd285e4eefadc714ac368e659a1-150x150.webp 150w, https:\/\/uniqueworldss.shop\/wp-content\/uploads\/2026\/02\/S2b3530bd285e4eefadc714ac368e659a1-768x768.webp 768w, https:\/\/uniqueworldss.shop\/wp-content\/uploads\/2026\/02\/S2b3530bd285e4eefadc714ac368e659a1-12x12.webp 12w, https:\/\/uniqueworldss.shop\/wp-content\/uploads\/2026\/02\/S2b3530bd285e4eefadc714ac368e659a1-600x600.webp 600w, https:\/\/uniqueworldss.shop\/wp-content\/uploads\/2026\/02\/S2b3530bd285e4eefadc714ac368e659a1-100x100.webp 100w, https:\/\/uniqueworldss.shop\/wp-content\/uploads\/2026\/02\/S2b3530bd285e4eefadc714ac368e659a1-50x50.webp 50w, https:\/\/uniqueworldss.shop\/wp-content\/uploads\/2026\/02\/S2b3530bd285e4eefadc714ac368e659a1-1x1.webp 1w, https:\/\/uniqueworldss.shop\/wp-content\/uploads\/2026\/02\/S2b3530bd285e4eefadc714ac368e659a1-10x10.webp 10w\" sizes=\"auto, (max-width: 960px) 100vw, 960px\" \/>\t\t\t\t\t\t\t\t\t\t\t\t\t\t\t<\/div>\n\t\t\t\t<\/div>\n\t\t\t\t<div class=\"elementor-element elementor-element-2b90eb7c elementor-widget elementor-widget-image\" data-id=\"2b90eb7c\" data-element_type=\"widget\" data-settings=\"{&quot;ekit_we_effect_on&quot;:&quot;none&quot;}\" data-widget_type=\"image.default\">\n\t\t\t\t<div class=\"elementor-widget-container\">\n\t\t\t\t\t\t\t\t\t\t\t\t\t\t\t<img loading=\"lazy\" decoding=\"async\" width=\"1000\" height=\"1000\" src=\"https:\/\/uniqueworldss.shop\/wp-content\/uploads\/2026\/02\/Sd5f3c36c559e4bad90eaafc590f0546bV.webp\" class=\"attachment-large size-large wp-image-13282 wvs-archive-product-image\" alt=\"\" srcset=\"https:\/\/uniqueworldss.shop\/wp-content\/uploads\/2026\/02\/Sd5f3c36c559e4bad90eaafc590f0546bV.webp 1000w, https:\/\/uniqueworldss.shop\/wp-content\/uploads\/2026\/02\/Sd5f3c36c559e4bad90eaafc590f0546bV-300x300.webp 300w, https:\/\/uniqueworldss.shop\/wp-content\/uploads\/2026\/02\/Sd5f3c36c559e4bad90eaafc590f0546bV-150x150.webp 150w, https:\/\/uniqueworldss.shop\/wp-content\/uploads\/2026\/02\/Sd5f3c36c559e4bad90eaafc590f0546bV-768x768.webp 768w, https:\/\/uniqueworldss.shop\/wp-content\/uploads\/2026\/02\/Sd5f3c36c559e4bad90eaafc590f0546bV-12x12.webp 12w, https:\/\/uniqueworldss.shop\/wp-content\/uploads\/2026\/02\/Sd5f3c36c559e4bad90eaafc590f0546bV-600x600.webp 600w, https:\/\/uniqueworldss.shop\/wp-content\/uploads\/2026\/02\/Sd5f3c36c559e4bad90eaafc590f0546bV-100x100.webp 100w, https:\/\/uniqueworldss.shop\/wp-content\/uploads\/2026\/02\/Sd5f3c36c559e4bad90eaafc590f0546bV-50x50.webp 50w, https:\/\/uniqueworldss.shop\/wp-content\/uploads\/2026\/02\/Sd5f3c36c559e4bad90eaafc590f0546bV-1x1.webp 1w, https:\/\/uniqueworldss.shop\/wp-content\/uploads\/2026\/02\/Sd5f3c36c559e4bad90eaafc590f0546bV-10x10.webp 10w\" sizes=\"auto, (max-width: 1000px) 100vw, 1000px\" \/>\t\t\t\t\t\t\t\t\t\t\t\t\t\t\t<\/div>\n\t\t\t\t<\/div>\n\t\t\t\t<div class=\"elementor-element elementor-element-479cddd9 elementor-widget elementor-widget-image\" data-id=\"479cddd9\" data-element_type=\"widget\" data-settings=\"{&quot;ekit_we_effect_on&quot;:&quot;none&quot;}\" data-widget_type=\"image.default\">\n\t\t\t\t<div class=\"elementor-widget-container\">\n\t\t\t\t\t\t\t\t\t\t\t\t\t\t\t<img loading=\"lazy\" decoding=\"async\" width=\"1024\" height=\"420\" src=\"https:\/\/uniqueworldss.shop\/wp-content\/uploads\/2026\/02\/ld2-1024x420.jpg\" class=\"attachment-large size-large wp-image-13283 wvs-archive-product-image\" alt=\"\" srcset=\"https:\/\/uniqueworldss.shop\/wp-content\/uploads\/2026\/02\/ld2-1024x420.jpg 1024w, https:\/\/uniqueworldss.shop\/wp-content\/uploads\/2026\/02\/ld2-300x123.jpg 300w, https:\/\/uniqueworldss.shop\/wp-content\/uploads\/2026\/02\/ld2-768x315.jpg 768w, https:\/\/uniqueworldss.shop\/wp-content\/uploads\/2026\/02\/ld2-18x7.jpg 18w, https:\/\/uniqueworldss.shop\/wp-content\/uploads\/2026\/02\/ld2-600x246.jpg 600w, https:\/\/uniqueworldss.shop\/wp-content\/uploads\/2026\/02\/ld2-1x1.jpg 1w, https:\/\/uniqueworldss.shop\/wp-content\/uploads\/2026\/02\/ld2-10x4.jpg 10w, https:\/\/uniqueworldss.shop\/wp-content\/uploads\/2026\/02\/ld2.jpg 1464w\" sizes=\"auto, (max-width: 1024px) 100vw, 1024px\" \/>\t\t\t\t\t\t\t\t\t\t\t\t\t\t\t<\/div>\n\t\t\t\t<\/div>\n\t\t\t\t<div class=\"elementor-element elementor-element-35cdd2ad elementor-widget elementor-widget-text-editor\" data-id=\"35cdd2ad\" data-element_type=\"widget\" data-settings=\"{&quot;ekit_we_effect_on&quot;:&quot;none&quot;}\" data-widget_type=\"text-editor.default\">\n\t\t\t\t<div class=\"elementor-widget-container\">\n\t\t\t\t\t\t\t\t\t<h3>\u00a0<\/h3><h3 class=\"a-text-center aplus-container-3 aplus-h1 a-text-bold\">2 Contenedores Dise\u00f1ados Para Satisfacer Diferentes Necesidades Alimentarias<\/h3><h5>\u00a0<\/h5>\t\t\t\t\t\t\t\t<\/div>\n\t\t\t\t<\/div>\n\t\t\t\t<div class=\"elementor-element elementor-element-2f9d1081 elementor-widget elementor-widget-image\" data-id=\"2f9d1081\" data-element_type=\"widget\" data-settings=\"{&quot;ekit_we_effect_on&quot;:&quot;none&quot;}\" data-widget_type=\"image.default\">\n\t\t\t\t<div class=\"elementor-widget-container\">\n\t\t\t\t\t\t\t\t\t\t\t\t\t\t\t<img loading=\"lazy\" decoding=\"async\" width=\"1024\" height=\"420\" src=\"https:\/\/uniqueworldss.shop\/wp-content\/uploads\/2026\/02\/ld3-1024x420.jpg\" class=\"attachment-large size-large wp-image-13284 wvs-archive-product-image\" alt=\"\" srcset=\"https:\/\/uniqueworldss.shop\/wp-content\/uploads\/2026\/02\/ld3-1024x420.jpg 1024w, https:\/\/uniqueworldss.shop\/wp-content\/uploads\/2026\/02\/ld3-300x123.jpg 300w, https:\/\/uniqueworldss.shop\/wp-content\/uploads\/2026\/02\/ld3-768x315.jpg 768w, https:\/\/uniqueworldss.shop\/wp-content\/uploads\/2026\/02\/ld3-18x7.jpg 18w, https:\/\/uniqueworldss.shop\/wp-content\/uploads\/2026\/02\/ld3-600x246.jpg 600w, https:\/\/uniqueworldss.shop\/wp-content\/uploads\/2026\/02\/ld3-1x1.jpg 1w, https:\/\/uniqueworldss.shop\/wp-content\/uploads\/2026\/02\/ld3-10x4.jpg 10w, https:\/\/uniqueworldss.shop\/wp-content\/uploads\/2026\/02\/ld3.jpg 1464w\" sizes=\"auto, (max-width: 1024px) 100vw, 1024px\" \/>\t\t\t\t\t\t\t\t\t\t\t\t\t\t\t<\/div>\n\t\t\t\t<\/div>\n\t\t\t\t<div class=\"elementor-element elementor-element-777cbaa8 elementor-widget elementor-widget-text-editor\" data-id=\"777cbaa8\" data-element_type=\"widget\" data-settings=\"{&quot;ekit_we_effect_on&quot;:&quot;none&quot;}\" data-widget_type=\"text-editor.default\">\n\t\t\t\t<div class=\"elementor-widget-container\">\n\t\t\t\t\t\t\t\t\t<h3>\u00a0<\/h3><h3 class=\"aplus-container-3 aplus-h1 a-text-bold\">M\u00e1s aplicaciones para autom\u00f3viles, oficinas, obras y trabajadores al aire libre<\/h3><p>\u00a0<\/p>\t\t\t\t\t\t\t\t<\/div>\n\t\t\t\t<\/div>\n\t\t\t\t<div class=\"elementor-element elementor-element-761827fa elementor--h-position-center elementor--v-position-middle elementor-arrows-position-inside elementor-pagination-position-inside elementor-widget elementor-widget-slides\" data-id=\"761827fa\" data-element_type=\"widget\" data-settings=\"{&quot;navigation&quot;:&quot;both&quot;,&quot;autoplay&quot;:&quot;yes&quot;,&quot;pause_on_hover&quot;:&quot;yes&quot;,&quot;pause_on_interaction&quot;:&quot;yes&quot;,&quot;autoplay_speed&quot;:5000,&quot;infinite&quot;:&quot;yes&quot;,&quot;transition&quot;:&quot;slide&quot;,&quot;transition_speed&quot;:500,&quot;ekit_we_effect_on&quot;:&quot;none&quot;}\" data-widget_type=\"slides.default\">\n\t\t\t\t<div class=\"elementor-widget-container\">\n\t\t\t\t\t\t\t\t\t<div class=\"elementor-swiper\">\r\n\t\t\t\t\t<div class=\"elementor-slides-wrapper elementor-main-swiper swiper\" role=\"region\" aria-roledescription=\"carousel\" aria-label=\"Diapositivas\" dir=\"ltr\" data-animation=\"fadeInUp\">\r\n\t\t\t\t<div class=\"swiper-wrapper elementor-slides\">\r\n\t\t\t\t\t\t\t\t\t\t<div class=\"elementor-repeater-item-844de38 swiper-slide\" role=\"group\" aria-roledescription=\"slide\"><div class=\"swiper-slide-bg\" role=\"img\" aria-label=\"ld1-1.jpg\"><\/div><div class=\"swiper-slide-inner\" ><div class=\"swiper-slide-contents\"><\/div><\/div><\/div><div class=\"elementor-repeater-item-1ee1983 swiper-slide\" role=\"group\" aria-roledescription=\"slide\"><div class=\"swiper-slide-bg\" role=\"img\" aria-label=\"ld4-1.jpg\"><\/div><div class=\"swiper-slide-inner\" ><div class=\"swiper-slide-contents\"><\/div><\/div><\/div><div class=\"elementor-repeater-item-18c5f30 swiper-slide\" role=\"group\" aria-roledescription=\"slide\"><div class=\"swiper-slide-bg\" role=\"img\" aria-label=\"ld5-1.jpg\"><\/div><div class=\"swiper-slide-inner\" ><div class=\"swiper-slide-contents\"><\/div><\/div><\/div><div class=\"elementor-repeater-item-e3d91af swiper-slide\" role=\"group\" aria-roledescription=\"slide\"><div class=\"swiper-slide-bg\" role=\"img\" aria-label=\"ld6-1.jpg\"><\/div><div class=\"swiper-slide-inner\" ><div class=\"swiper-slide-contents\"><\/div><\/div><\/div>\t\t\t\t<\/div>\r\n\t\t\t\t\t\t\t\t\t\t\t\t\t\t\t<div class=\"elementor-swiper-button elementor-swiper-button-prev\" role=\"button\" tabindex=\"0\" aria-label=\"Diapositiva anterior\">\r\n\t\t\t\t\t\t\t<svg aria-hidden=\"true\" class=\"e-font-icon-svg e-eicon-chevron-left\" viewbox=\"0 0 1000 1000\" xmlns=\"http:\/\/www.w3.org\/2000\/svg\"><path d=\"M646 125C629 125 613 133 604 142L308 442C296 454 292 471 292 487 292 504 296 521 308 533L604 854C617 867 629 875 646 875 663 875 679 871 692 858 704 846 713 829 713 812 713 796 708 779 692 767L438 487 692 225C700 217 708 204 708 187 708 171 704 154 692 142 675 129 663 125 646 125Z\"><\/path><\/svg>\t\t\t\t\t\t<\/div>\r\n\t\t\t\t\t\t<div class=\"elementor-swiper-button elementor-swiper-button-next\" role=\"button\" tabindex=\"0\" aria-label=\"Siguiente diapositiva\">\r\n\t\t\t\t\t\t\t<svg aria-hidden=\"true\" class=\"e-font-icon-svg e-eicon-chevron-right\" viewbox=\"0 0 1000 1000\" xmlns=\"http:\/\/www.w3.org\/2000\/svg\"><path d=\"M696 533C708 521 713 504 713 487 713 471 708 454 696 446L400 146C388 133 375 125 354 125 338 125 325 129 313 142 300 154 292 171 292 187 292 204 296 221 308 233L563 492 304 771C292 783 288 800 288 817 288 833 296 850 308 863 321 871 338 875 354 875 371 875 388 867 400 854L696 533Z\"><\/path><\/svg>\t\t\t\t\t\t<\/div>\r\n\t\t\t\t\t\t\t\t\t\t\t\t\t\t\t\t<div class=\"swiper-pagination\"><\/div>\r\n\t\t\t\t\t\t\t\t\t\t\t\t<\/div>\r\n\t\t\t\t<\/div>\r\n\t\t\t\t\t\t\t\t<\/div>\n\t\t\t\t<\/div>\n\t\t\t\t<div class=\"elementor-element elementor-element-502e7579 elementor-widget elementor-widget-image\" data-id=\"502e7579\" data-element_type=\"widget\" data-settings=\"{&quot;ekit_we_effect_on&quot;:&quot;none&quot;}\" data-widget_type=\"image.default\">\n\t\t\t\t<div class=\"elementor-widget-container\">\n\t\t\t\t\t\t\t\t\t\t\t\t\t\t\t<img loading=\"lazy\" decoding=\"async\" width=\"1024\" height=\"420\" src=\"https:\/\/uniqueworldss.shop\/wp-content\/uploads\/2026\/02\/ld7-1024x420.jpg\" class=\"attachment-large size-large wp-image-13289 wvs-archive-product-image\" alt=\"\" srcset=\"https:\/\/uniqueworldss.shop\/wp-content\/uploads\/2026\/02\/ld7-1024x420.jpg 1024w, https:\/\/uniqueworldss.shop\/wp-content\/uploads\/2026\/02\/ld7-300x123.jpg 300w, https:\/\/uniqueworldss.shop\/wp-content\/uploads\/2026\/02\/ld7-768x315.jpg 768w, https:\/\/uniqueworldss.shop\/wp-content\/uploads\/2026\/02\/ld7-18x7.jpg 18w, https:\/\/uniqueworldss.shop\/wp-content\/uploads\/2026\/02\/ld7-600x246.jpg 600w, https:\/\/uniqueworldss.shop\/wp-content\/uploads\/2026\/02\/ld7-1x1.jpg 1w, https:\/\/uniqueworldss.shop\/wp-content\/uploads\/2026\/02\/ld7-10x4.jpg 10w, https:\/\/uniqueworldss.shop\/wp-content\/uploads\/2026\/02\/ld7.jpg 1464w\" sizes=\"auto, (max-width: 1024px) 100vw, 1024px\" \/>\t\t\t\t\t\t\t\t\t\t\t\t\t\t\t<\/div>\n\t\t\t\t<\/div>\n\t\t\t\t<div class=\"elementor-element elementor-element-531cca1 elementor-widget elementor-widget-text-editor\" data-id=\"531cca1\" data-element_type=\"widget\" data-settings=\"{&quot;ekit_we_effect_on&quot;:&quot;none&quot;}\" data-widget_type=\"text-editor.default\">\n\t\t\t\t<div class=\"elementor-widget-container\">\n\t\t\t\t\t\t\t\t\t<div class=\"elementor-element elementor-element-708b5d3 e-con-full e-flex e-con e-child\" data-id=\"708b5d3\" data-element_type=\"container\" data-settings=\"{&quot;ekit_has_onepagescroll_dot&quot;:&quot;yes&quot;}\">\n    <div class=\"elementor-element elementor-element-bc07a69 elementor-widget elementor-widget-text-editor\" data-id=\"bc07a69\" data-element_type=\"widget\" data-settings=\"{&quot;ekit_we_effect_on&quot;:&quot;none&quot;}\" data-widget_type=\"text-editor.default\">\n        <div class=\"elementor-widget-container\">\n            # Informaci\u00f3n del producto\n\n<div class=\"product-table\">\n  <div class=\"product-row\">\n    <div class=\"product-label\"><strong>Color<\/strong><\/div>\n    <div class=\"product-value\"><strong>Negro<\/strong><\/div>\n  <\/div>\n  <div class=\"product-row\">\n    <div class=\"product-label\"><strong>Material<\/strong><\/div>\n    <div class=\"product-value\"><strong>Superficie antiadherente, material aislante (bolsa)<\/strong><\/div>\n  <\/div>\n  <div class=\"product-row\">\n    <div class=\"product-label\"><strong>Escenarios de uso<\/strong><\/div>\n    <div class=\"product-value\"><strong>Uso dom\u00e9stico (220 V), vehicular (12 V\/24 V), viajes, trabajo al aire libre, picnic, almuerzo en oficina<\/strong><\/div>\n  <\/div>\n  <div class=\"product-row\">\n    <div class=\"product-label\"><strong>Capacidad<\/strong><\/div>\n    <div class=\"product-value\"><strong>1,5L \/ 1,8L<\/strong><\/div>\n  <\/div>\n  <div class=\"product-row\">\n    <div class=\"product-label\"><strong>Tema<\/strong><\/div>\n    <div class=\"product-value\"><strong>Fiambrera el\u00e9ctrica port\u00e1til 80W, autocalentamiento multifuncional, mantiene la comida caliente en cualquier lugar<\/strong><\/div>\n  <\/div>\n  <div class=\"product-row\">\n    <div class=\"product-label\"><strong>Componentes incluidos<\/strong><\/div>\n    <div class=\"product-value\"><strong>1 fiambrera el\u00e9ctrica, 1 cable de alimentaci\u00f3n, 2 anillos de huevo, 6 esp\u00e1tulas de madera, 1 manual de instrucciones, 1 bolsa aislante<\/strong><\/div>\n  <\/div>\n<\/div>\n\n<style>\n.product-table {\n  width: 100%;\n  border-top: 1px solid #000;\n  font-family: Arial, sans-serif;\n}\n\n.product-row {\n  display: flex;\n  border-bottom: 1px solid #000;\n  padding: 12px 0;\n}\n\n.product-label {\n  flex: 1;\n  font-weight: bold;\n  min-width: 200px;\n  padding-right: 20px;\n}\n\n.product-value {\n  flex: 1;\n  min-width: 200px;\n}\n<\/style>\n        <\/div>\n    <\/div>\n<\/div>\t\t\t\t\t\t\t\t<\/div>\n\t\t\t\t<\/div>\n\t\t\t\t<\/div>\n\t\t\t\t<\/div>","protected":false},"excerpt":{"rendered":"<p>https:\/\/uniqueworldss.shop\/wp-content\/uploads\/2026\/02\/video_2026-02-06_15-03-21.mp4 \u00a0 2 Containers Designed To Meet Different Food Needs \u00a0 \u00a0 More Applications For Automobiles, Offices, Construction Sites, Outdoor&#8230;<\/p>","protected":false},"featured_media":13269,"comment_status":"open","ping_status":"closed","template":"","meta":{"_acf_changed":false},"etheme_brands":[],"product_brand":[],"product_cat":[118],"product_tag":[],"class_list":{"0":"post-13268","1":"product","2":"type-product","3":"status-publish","4":"has-post-thumbnail","6":"product_cat-sale-shop","8":"first","9":"instock","10":"sale","11":"shipping-taxable","12":"purchasable","13":"product-type-simple"},"acf":[],"_links":{"self":[{"href":"https:\/\/uniqueworldss.shop\/es\/wp-json\/wp\/v2\/product\/13268","targetHints":{"allow":["GET"]}}],"collection":[{"href":"https:\/\/uniqueworldss.shop\/es\/wp-json\/wp\/v2\/product"}],"about":[{"href":"https:\/\/uniqueworldss.shop\/es\/wp-json\/wp\/v2\/types\/product"}],"replies":[{"embeddable":true,"href":"https:\/\/uniqueworldss.shop\/es\/wp-json\/wp\/v2\/comments?post=13268"}],"version-history":[{"count":7,"href":"https:\/\/uniqueworldss.shop\/es\/wp-json\/wp\/v2\/product\/13268\/revisions"}],"predecessor-version":[{"id":13300,"href":"https:\/\/uniqueworldss.shop\/es\/wp-json\/wp\/v2\/product\/13268\/revisions\/13300"}],"wp:featuredmedia":[{"embeddable":true,"href":"https:\/\/uniqueworldss.shop\/es\/wp-json\/wp\/v2\/media\/13269"}],"wp:attachment":[{"href":"https:\/\/uniqueworldss.shop\/es\/wp-json\/wp\/v2\/media?parent=13268"}],"wp:term":[{"taxonomy":"brand","embeddable":true,"href":"https:\/\/uniqueworldss.shop\/es\/wp-json\/wp\/v2\/etheme_brands?post=13268"},{"taxonomy":"product_brand","embeddable":true,"href":"https:\/\/uniqueworldss.shop\/es\/wp-json\/wp\/v2\/product_brand?post=13268"},{"taxonomy":"product_cat","embeddable":true,"href":"https:\/\/uniqueworldss.shop\/es\/wp-json\/wp\/v2\/product_cat?post=13268"},{"taxonomy":"product_tag","embeddable":true,"href":"https:\/\/uniqueworldss.shop\/es\/wp-json\/wp\/v2\/product_tag?post=13268"}],"curies":[{"name":"wp","href":"https:\/\/api.w.org\/{rel}","templated":true}]}}