{"id":13302,"date":"2026-02-09T02:31:10","date_gmt":"2026-02-09T02:31:10","guid":{"rendered":"https:\/\/uniqueworldss.shop\/?post_type=product&#038;p=13302"},"modified":"2026-02-09T02:36:09","modified_gmt":"2026-02-09T02:36:09","slug":"soplador-de-mano-130000rpm-con-pantalla-electrica-ventilador-turbojet-y-limpiador-de-polvo-de-alta-velocidad-herramienta-compacta-para-limpieza-eficiente","status":"publish","type":"product","link":"https:\/\/uniqueworldss.shop\/es\/producto\/soplador-de-mano-130000rpm-con-pantalla-electrica-ventilador-turbojet-y-limpiador-de-polvo-de-alta-velocidad-herramienta-compacta-para-limpieza-eficiente\/","title":{"rendered":"Soplador de Mano 130,000RPM con Pantalla El\u00e9ctrica - Ventilador Turbojet y Limpiador de Polvo de Alta Velocidad, Herramienta Compacta para Limpieza Eficiente"},"content":{"rendered":"<div data-elementor-type=\"product-post\" data-elementor-id=\"13302\" class=\"elementor elementor-13302\" data-elementor-post-type=\"product\">\n\t\t\t\t<div class=\"elementor-element elementor-element-6e7239b0 e-flex e-con-boxed e-con e-parent\" data-id=\"6e7239b0\" data-element_type=\"container\" data-settings=\"{&quot;ekit_has_onepagescroll_dot&quot;:&quot;yes&quot;}\">\n\t\t\t\t\t<div class=\"e-con-inner\">\n\t\t\t\t<div class=\"elementor-element elementor-element-505fb00f elementor-widget elementor-widget-image\" data-id=\"505fb00f\" data-element_type=\"widget\" data-settings=\"{&quot;ekit_we_effect_on&quot;:&quot;none&quot;}\" data-widget_type=\"image.default\">\n\t\t\t\t<div class=\"elementor-widget-container\">\n\t\t\t\t\t\t\t\t\t\t\t\t\t\t\t<img loading=\"lazy\" decoding=\"async\" width=\"1600\" height=\"1600\" src=\"https:\/\/uniqueworldss.shop\/wp-content\/uploads\/2026\/02\/2-25.jpg\" class=\"attachment-full size-full wp-image-13310 wvs-archive-product-image\" alt=\"\" srcset=\"https:\/\/uniqueworldss.shop\/wp-content\/uploads\/2026\/02\/2-25.jpg 1600w, https:\/\/uniqueworldss.shop\/wp-content\/uploads\/2026\/02\/2-25-300x300.jpg 300w, https:\/\/uniqueworldss.shop\/wp-content\/uploads\/2026\/02\/2-25-1024x1024.jpg 1024w, https:\/\/uniqueworldss.shop\/wp-content\/uploads\/2026\/02\/2-25-150x150.jpg 150w, https:\/\/uniqueworldss.shop\/wp-content\/uploads\/2026\/02\/2-25-768x768.jpg 768w, https:\/\/uniqueworldss.shop\/wp-content\/uploads\/2026\/02\/2-25-1536x1536.jpg 1536w, https:\/\/uniqueworldss.shop\/wp-content\/uploads\/2026\/02\/2-25-12x12.jpg 12w, https:\/\/uniqueworldss.shop\/wp-content\/uploads\/2026\/02\/2-25-600x600.jpg 600w, https:\/\/uniqueworldss.shop\/wp-content\/uploads\/2026\/02\/2-25-100x100.jpg 100w, https:\/\/uniqueworldss.shop\/wp-content\/uploads\/2026\/02\/2-25-50x50.jpg 50w, https:\/\/uniqueworldss.shop\/wp-content\/uploads\/2026\/02\/2-25-1x1.jpg 1w, https:\/\/uniqueworldss.shop\/wp-content\/uploads\/2026\/02\/2-25-10x10.jpg 10w\" sizes=\"auto, (max-width: 1600px) 100vw, 1600px\" \/>\t\t\t\t\t\t\t\t\t\t\t\t\t\t\t<\/div>\n\t\t\t\t<\/div>\n\t\t\t\t<div class=\"elementor-element elementor-element-22b4f2f1 elementor-widget elementor-widget-image\" data-id=\"22b4f2f1\" data-element_type=\"widget\" data-settings=\"{&quot;ekit_we_effect_on&quot;:&quot;none&quot;}\" data-widget_type=\"image.default\">\n\t\t\t\t<div class=\"elementor-widget-container\">\n\t\t\t\t\t\t\t\t\t\t\t\t\t\t\t<img loading=\"lazy\" decoding=\"async\" width=\"1600\" height=\"1600\" src=\"https:\/\/uniqueworldss.shop\/wp-content\/uploads\/2026\/02\/3-27.jpg\" class=\"attachment-full size-full wp-image-13311 wvs-archive-product-image\" alt=\"\" srcset=\"https:\/\/uniqueworldss.shop\/wp-content\/uploads\/2026\/02\/3-27.jpg 1600w, https:\/\/uniqueworldss.shop\/wp-content\/uploads\/2026\/02\/3-27-300x300.jpg 300w, https:\/\/uniqueworldss.shop\/wp-content\/uploads\/2026\/02\/3-27-1024x1024.jpg 1024w, https:\/\/uniqueworldss.shop\/wp-content\/uploads\/2026\/02\/3-27-150x150.jpg 150w, https:\/\/uniqueworldss.shop\/wp-content\/uploads\/2026\/02\/3-27-768x768.jpg 768w, https:\/\/uniqueworldss.shop\/wp-content\/uploads\/2026\/02\/3-27-1536x1536.jpg 1536w, https:\/\/uniqueworldss.shop\/wp-content\/uploads\/2026\/02\/3-27-12x12.jpg 12w, https:\/\/uniqueworldss.shop\/wp-content\/uploads\/2026\/02\/3-27-600x600.jpg 600w, https:\/\/uniqueworldss.shop\/wp-content\/uploads\/2026\/02\/3-27-100x100.jpg 100w, https:\/\/uniqueworldss.shop\/wp-content\/uploads\/2026\/02\/3-27-50x50.jpg 50w, https:\/\/uniqueworldss.shop\/wp-content\/uploads\/2026\/02\/3-27-1x1.jpg 1w, https:\/\/uniqueworldss.shop\/wp-content\/uploads\/2026\/02\/3-27-10x10.jpg 10w\" sizes=\"auto, (max-width: 1600px) 100vw, 1600px\" \/>\t\t\t\t\t\t\t\t\t\t\t\t\t\t\t<\/div>\n\t\t\t\t<\/div>\n\t\t<div class=\"elementor-element elementor-element-21544419 e-grid e-con-full e-con e-child\" data-id=\"21544419\" data-element_type=\"container\" data-settings=\"{&quot;ekit_has_onepagescroll_dot&quot;:&quot;yes&quot;}\">\n\t\t\t\t<div class=\"elementor-element elementor-element-1232379c elementor-widget elementor-widget-image\" data-id=\"1232379c\" data-element_type=\"widget\" data-settings=\"{&quot;ekit_we_effect_on&quot;:&quot;none&quot;}\" data-widget_type=\"image.default\">\n\t\t\t\t<div class=\"elementor-widget-container\">\n\t\t\t\t\t\t\t\t\t\t\t\t\t\t\t<img loading=\"lazy\" decoding=\"async\" width=\"1600\" height=\"1600\" src=\"https:\/\/uniqueworldss.shop\/wp-content\/uploads\/2026\/02\/5-19.jpg\" class=\"attachment-full size-full wp-image-13312 wvs-archive-product-image\" alt=\"\" srcset=\"https:\/\/uniqueworldss.shop\/wp-content\/uploads\/2026\/02\/5-19.jpg 1600w, https:\/\/uniqueworldss.shop\/wp-content\/uploads\/2026\/02\/5-19-300x300.jpg 300w, https:\/\/uniqueworldss.shop\/wp-content\/uploads\/2026\/02\/5-19-1024x1024.jpg 1024w, https:\/\/uniqueworldss.shop\/wp-content\/uploads\/2026\/02\/5-19-150x150.jpg 150w, https:\/\/uniqueworldss.shop\/wp-content\/uploads\/2026\/02\/5-19-768x768.jpg 768w, https:\/\/uniqueworldss.shop\/wp-content\/uploads\/2026\/02\/5-19-1536x1536.jpg 1536w, https:\/\/uniqueworldss.shop\/wp-content\/uploads\/2026\/02\/5-19-12x12.jpg 12w, https:\/\/uniqueworldss.shop\/wp-content\/uploads\/2026\/02\/5-19-600x600.jpg 600w, https:\/\/uniqueworldss.shop\/wp-content\/uploads\/2026\/02\/5-19-100x100.jpg 100w, https:\/\/uniqueworldss.shop\/wp-content\/uploads\/2026\/02\/5-19-50x50.jpg 50w, https:\/\/uniqueworldss.shop\/wp-content\/uploads\/2026\/02\/5-19-1x1.jpg 1w, https:\/\/uniqueworldss.shop\/wp-content\/uploads\/2026\/02\/5-19-10x10.jpg 10w\" sizes=\"auto, (max-width: 1600px) 100vw, 1600px\" \/>\t\t\t\t\t\t\t\t\t\t\t\t\t\t\t<\/div>\n\t\t\t\t<\/div>\n\t\t\t\t<div class=\"elementor-element elementor-element-123801f6 elementor-widget elementor-widget-image\" data-id=\"123801f6\" data-element_type=\"widget\" data-settings=\"{&quot;ekit_we_effect_on&quot;:&quot;none&quot;}\" data-widget_type=\"image.default\">\n\t\t\t\t<div class=\"elementor-widget-container\">\n\t\t\t\t\t\t\t\t\t\t\t\t\t\t\t<img loading=\"lazy\" decoding=\"async\" width=\"1600\" height=\"1600\" src=\"https:\/\/uniqueworldss.shop\/wp-content\/uploads\/2026\/02\/6-16.jpg\" class=\"attachment-full size-full wp-image-13313 wvs-archive-product-image\" alt=\"\" srcset=\"https:\/\/uniqueworldss.shop\/wp-content\/uploads\/2026\/02\/6-16.jpg 1600w, https:\/\/uniqueworldss.shop\/wp-content\/uploads\/2026\/02\/6-16-300x300.jpg 300w, https:\/\/uniqueworldss.shop\/wp-content\/uploads\/2026\/02\/6-16-1024x1024.jpg 1024w, https:\/\/uniqueworldss.shop\/wp-content\/uploads\/2026\/02\/6-16-150x150.jpg 150w, https:\/\/uniqueworldss.shop\/wp-content\/uploads\/2026\/02\/6-16-768x768.jpg 768w, https:\/\/uniqueworldss.shop\/wp-content\/uploads\/2026\/02\/6-16-1536x1536.jpg 1536w, https:\/\/uniqueworldss.shop\/wp-content\/uploads\/2026\/02\/6-16-12x12.jpg 12w, https:\/\/uniqueworldss.shop\/wp-content\/uploads\/2026\/02\/6-16-600x600.jpg 600w, https:\/\/uniqueworldss.shop\/wp-content\/uploads\/2026\/02\/6-16-100x100.jpg 100w, https:\/\/uniqueworldss.shop\/wp-content\/uploads\/2026\/02\/6-16-50x50.jpg 50w, https:\/\/uniqueworldss.shop\/wp-content\/uploads\/2026\/02\/6-16-1x1.jpg 1w, https:\/\/uniqueworldss.shop\/wp-content\/uploads\/2026\/02\/6-16-10x10.jpg 10w\" sizes=\"auto, (max-width: 1600px) 100vw, 1600px\" \/>\t\t\t\t\t\t\t\t\t\t\t\t\t\t\t<\/div>\n\t\t\t\t<\/div>\n\t\t\t\t<\/div>\n\t\t\t\t<div class=\"elementor-element elementor-element-3f9defb3 elementor-widget elementor-widget-text-editor\" data-id=\"3f9defb3\" data-element_type=\"widget\" data-settings=\"{&quot;ekit_we_effect_on&quot;:&quot;none&quot;}\" data-widget_type=\"text-editor.default\">\n\t\t\t\t<div class=\"elementor-widget-container\">\n\t\t\t\t\t\t\t\t\t<h3 style=\"text-align: center;\">Motor sin escobillas de 400.000 RPM para una potencia de viento extremadamente alta, capaz de soplar polvo, nieve y residuos en segundos con una eficiencia incomparable. Vida \u00fatil prolongada del motor, bajo consumo energ\u00e9tico y funcionamiento con ruido m\u00ednimo, ideal para uso prolongado. Dise\u00f1o compacto y ligero que se guarda f\u00e1cilmente en el bolsillo o bolso, con textura antideslizante para un agarre seguro incluso con manos h\u00famedas. Carga r\u00e1pida Type-C y bater\u00eda de 8000 mAh que ofrece una autonom\u00eda prolongada y recarga en poco tiempo. Funci\u00f3n de soplado y succi\u00f3n 2 en 1 para limpieza m\u00e1s completa, ideal para teclados, interiores de coches y componentes de ordenadores. Velocidad de viento ajustable de forma infinita para adaptarse a diferentes necesidades, desde un soplo suave hasta una potencia m\u00e1xima de 220 km\/h. Resistente y duradero, fabricado con materiales de alta calidad que soportan un uso intensivo. Vers\u00e1til para m\u00faltiples usos: limpieza de polvo, eliminaci\u00f3n de nieve, encendido de fuegos en campamentos, secado de pelo o superficies mojadas.<\/h3>\t\t\t\t\t\t\t\t<\/div>\n\t\t\t\t<\/div>\n\t\t\t\t<div class=\"elementor-element elementor-element-2596bfca elementor-widget elementor-widget-image\" data-id=\"2596bfca\" data-element_type=\"widget\" data-settings=\"{&quot;ekit_we_effect_on&quot;:&quot;none&quot;}\" data-widget_type=\"image.default\">\n\t\t\t\t<div class=\"elementor-widget-container\">\n\t\t\t\t\t\t\t\t\t\t\t\t\t\t\t<img loading=\"lazy\" decoding=\"async\" width=\"1600\" height=\"1600\" src=\"https:\/\/uniqueworldss.shop\/wp-content\/uploads\/2026\/02\/8-5.jpg\" class=\"attachment-full size-full wp-image-13314 wvs-archive-product-image\" alt=\"\" srcset=\"https:\/\/uniqueworldss.shop\/wp-content\/uploads\/2026\/02\/8-5.jpg 1600w, https:\/\/uniqueworldss.shop\/wp-content\/uploads\/2026\/02\/8-5-300x300.jpg 300w, https:\/\/uniqueworldss.shop\/wp-content\/uploads\/2026\/02\/8-5-1024x1024.jpg 1024w, https:\/\/uniqueworldss.shop\/wp-content\/uploads\/2026\/02\/8-5-150x150.jpg 150w, https:\/\/uniqueworldss.shop\/wp-content\/uploads\/2026\/02\/8-5-768x768.jpg 768w, https:\/\/uniqueworldss.shop\/wp-content\/uploads\/2026\/02\/8-5-1536x1536.jpg 1536w, https:\/\/uniqueworldss.shop\/wp-content\/uploads\/2026\/02\/8-5-12x12.jpg 12w, https:\/\/uniqueworldss.shop\/wp-content\/uploads\/2026\/02\/8-5-600x600.jpg 600w, https:\/\/uniqueworldss.shop\/wp-content\/uploads\/2026\/02\/8-5-100x100.jpg 100w, https:\/\/uniqueworldss.shop\/wp-content\/uploads\/2026\/02\/8-5-50x50.jpg 50w, https:\/\/uniqueworldss.shop\/wp-content\/uploads\/2026\/02\/8-5-1x1.jpg 1w, https:\/\/uniqueworldss.shop\/wp-content\/uploads\/2026\/02\/8-5-10x10.jpg 10w\" sizes=\"auto, (max-width: 1600px) 100vw, 1600px\" \/>\t\t\t\t\t\t\t\t\t\t\t\t\t\t\t<\/div>\n\t\t\t\t<\/div>\n\t\t<div class=\"elementor-element elementor-element-5bf5ec4a e-grid e-con-full e-con e-child\" data-id=\"5bf5ec4a\" data-element_type=\"container\" data-settings=\"{&quot;ekit_has_onepagescroll_dot&quot;:&quot;yes&quot;}\">\n\t\t\t\t<div class=\"elementor-element elementor-element-6759d7ac elementor-widget elementor-widget-image\" data-id=\"6759d7ac\" data-element_type=\"widget\" data-settings=\"{&quot;ekit_we_effect_on&quot;:&quot;none&quot;}\" data-widget_type=\"image.default\">\n\t\t\t\t<div class=\"elementor-widget-container\">\n\t\t\t\t\t\t\t\t\t\t\t\t\t\t\t<img loading=\"lazy\" decoding=\"async\" width=\"800\" height=\"1600\" src=\"https:\/\/uniqueworldss.shop\/wp-content\/uploads\/2026\/02\/S4410be6e96804de18c831b94ffbcd6f2H.webp\" class=\"attachment-full size-full wp-image-13315 wvs-archive-product-image\" alt=\"\" srcset=\"https:\/\/uniqueworldss.shop\/wp-content\/uploads\/2026\/02\/S4410be6e96804de18c831b94ffbcd6f2H.webp 800w, https:\/\/uniqueworldss.shop\/wp-content\/uploads\/2026\/02\/S4410be6e96804de18c831b94ffbcd6f2H-150x300.webp 150w, https:\/\/uniqueworldss.shop\/wp-content\/uploads\/2026\/02\/S4410be6e96804de18c831b94ffbcd6f2H-512x1024.webp 512w, https:\/\/uniqueworldss.shop\/wp-content\/uploads\/2026\/02\/S4410be6e96804de18c831b94ffbcd6f2H-768x1536.webp 768w, https:\/\/uniqueworldss.shop\/wp-content\/uploads\/2026\/02\/S4410be6e96804de18c831b94ffbcd6f2H-6x12.webp 6w, https:\/\/uniqueworldss.shop\/wp-content\/uploads\/2026\/02\/S4410be6e96804de18c831b94ffbcd6f2H-600x1200.webp 600w, https:\/\/uniqueworldss.shop\/wp-content\/uploads\/2026\/02\/S4410be6e96804de18c831b94ffbcd6f2H-1x1.webp 1w, https:\/\/uniqueworldss.shop\/wp-content\/uploads\/2026\/02\/S4410be6e96804de18c831b94ffbcd6f2H-5x10.webp 5w\" sizes=\"auto, (max-width: 800px) 100vw, 800px\" \/>\t\t\t\t\t\t\t\t\t\t\t\t\t\t\t<\/div>\n\t\t\t\t<\/div>\n\t\t\t\t<div class=\"elementor-element elementor-element-6e23b828 elementor-widget elementor-widget-image\" data-id=\"6e23b828\" data-element_type=\"widget\" data-settings=\"{&quot;ekit_we_effect_on&quot;:&quot;none&quot;}\" data-widget_type=\"image.default\">\n\t\t\t\t<div class=\"elementor-widget-container\">\n\t\t\t\t\t\t\t\t\t\t\t\t\t\t\t<img loading=\"lazy\" decoding=\"async\" width=\"800\" height=\"1600\" src=\"https:\/\/uniqueworldss.shop\/wp-content\/uploads\/2026\/02\/Sd61c7c50361e486b96c2391d3a03577aU.webp\" class=\"attachment-full size-full wp-image-13316 wvs-archive-product-image\" alt=\"\" srcset=\"https:\/\/uniqueworldss.shop\/wp-content\/uploads\/2026\/02\/Sd61c7c50361e486b96c2391d3a03577aU.webp 800w, https:\/\/uniqueworldss.shop\/wp-content\/uploads\/2026\/02\/Sd61c7c50361e486b96c2391d3a03577aU-150x300.webp 150w, https:\/\/uniqueworldss.shop\/wp-content\/uploads\/2026\/02\/Sd61c7c50361e486b96c2391d3a03577aU-512x1024.webp 512w, https:\/\/uniqueworldss.shop\/wp-content\/uploads\/2026\/02\/Sd61c7c50361e486b96c2391d3a03577aU-768x1536.webp 768w, https:\/\/uniqueworldss.shop\/wp-content\/uploads\/2026\/02\/Sd61c7c50361e486b96c2391d3a03577aU-6x12.webp 6w, https:\/\/uniqueworldss.shop\/wp-content\/uploads\/2026\/02\/Sd61c7c50361e486b96c2391d3a03577aU-600x1200.webp 600w, https:\/\/uniqueworldss.shop\/wp-content\/uploads\/2026\/02\/Sd61c7c50361e486b96c2391d3a03577aU-1x1.webp 1w, https:\/\/uniqueworldss.shop\/wp-content\/uploads\/2026\/02\/Sd61c7c50361e486b96c2391d3a03577aU-5x10.webp 5w\" sizes=\"auto, (max-width: 800px) 100vw, 800px\" \/>\t\t\t\t\t\t\t\t\t\t\t\t\t\t\t<\/div>\n\t\t\t\t<\/div>\n\t\t\t\t<\/div>\n\t\t\t\t<div class=\"elementor-element elementor-element-3d1f786f elementor-widget elementor-widget-text-editor\" data-id=\"3d1f786f\" data-element_type=\"widget\" data-settings=\"{&quot;ekit_we_effect_on&quot;:&quot;none&quot;}\" data-widget_type=\"text-editor.default\">\n\t\t\t\t<div class=\"elementor-widget-container\">\n\t\t\t\t\t\t\t\t\t<table class=\"spec-table\">\n    <tr>\n        <td>Especificaciones<\/td>\n        <td><\/td>\n    <\/tr>\n    <tr>\n        <td>Fuente de energ\u00eda<\/td>\n        <td><span class=\"source-badge\">Bater\u00eda<\/span><\/td>\n    <\/tr>\n    <tr>\n        <td>Tensi\u00f3n nominal<\/td>\n        <td><span class=\"voltage-badge\">5V<\/span><\/td>\n    <\/tr>\n    <tr>\n        <td>Tipo<\/td>\n        <td><span class=\"type-badge\">Soplador turbo<\/span><\/td>\n    <\/tr>\n    <tr>\n        <td>Motor<\/td>\n        <td><span class=\"motor-badge\">Sin escobillas<\/span><\/td>\n    <\/tr>\n    <tr>\n        <td>Qu\u00edmica de alta preocupaci\u00f3n<\/td>\n        <td class=\"none-value\">Ninguno<\/td>\n    <\/tr>\n    <tr>\n        <td>Fuente de energ\u00eda<\/td>\n        <td><span class=\"battery-badge\">bater\u00eda de litio<\/span><\/td>\n    <\/tr>\n    <tr>\n        <td>V\u00eda de rotaci\u00f3n<\/td>\n        <td><span class=\"rotation-badge\">Sin rotaci\u00f3n<\/span><\/td>\n    <\/tr>\n    <tr>\n        <td>Funci\u00f3n de rotaci\u00f3n inversa<\/td>\n        <td><span class=\"no-badge\">No<\/span><\/td>\n    <\/tr>\n<\/table>\n\n<style>\n    .spec-table {\n        width: 100%;\n        border-collapse: collapse;\n        font-family: Arial, sans-serif;\n        font-size: 14px;\n    }\n    .spec-table tr {\n        border-bottom: 1px solid #ddd;\n    }\n    .spec-table td {\n        padding: 10px 0;\n        text-align: left;\n        vertical-align: top;\n    }\n    .spec-table td:first-child {\n        font-weight: bold;\n        width: 45%;\n        color: #333;\n    }\n    .spec-table td:last-child {\n        width: 55%;\n    }\n    .source-badge {\n        background-color: #e6f7ff;\n        border: 1px solid #91d5ff;\n        border-radius: 4px;\n        padding: 6px 12px;\n        font-weight: bold;\n        color: #096dd9;\n        display: inline-block;\n    }\n    .voltage-badge {\n        background-color: #fff7e6;\n        border: 1px solid #ffd591;\n        border-radius: 4px;\n        padding: 6px 12px;\n        font-weight: bold;\n        color: #d46b08;\n        display: inline-block;\n    }\n    .type-badge {\n        background-color: #f6ffed;\n        border: 1px solid #b7eb8f;\n        border-radius: 4px;\n        padding: 6px 12px;\n        font-weight: bold;\n        color: #389e0d;\n        display: inline-block;\n    }\n    .motor-badge {\n        background-color: #f9f0ff;\n        border: 1px solid #d3adf7;\n        border-radius: 4px;\n        padding: 6px 12px;\n        font-weight: bold;\n        color: #531dab;\n        display: inline-block;\n    }\n    .none-value {\n        color: #999;\n        font-style: italic;\n    }\n    .battery-badge {\n        background-color: #f0fff4;\n        border: 1px solid #c6f6d5;\n        border-radius: 4px;\n        padding: 6px 12px;\n        font-weight: bold;\n        color: #237804;\n        display: inline-block;\n    }\n    .rotation-badge {\n        background-color: #f0f8ff;\n        border: 1px solid #adc6ff;\n        border-radius: 4px;\n        padding: 6px 12px;\n        color: #1d39c4;\n        display: inline-block;\n    }\n    .no-badge {\n        background-color: #fff0f6;\n        border: 1px solid #ffadd2;\n        border-radius: 4px;\n        padding: 6px 12px;\n        color: #c41d7f;\n        display: inline-block;\n    }\n<\/style>\t\t\t\t\t\t\t\t<\/div>\n\t\t\t\t<\/div>\n\t\t\t\t\t<\/div>\n\t\t\t\t<\/div>\n\t\t\t\t<\/div>","protected":false},"excerpt":{"rendered":"<p>Motor sin escobillas de 400.000 RPM para una potencia de viento extremadamente alta, capaz de soplar polvo, nieve y residuos&#8230;<\/p>","protected":false},"featured_media":13303,"comment_status":"open","ping_status":"closed","template":"","meta":{"_acf_changed":false},"etheme_brands":[],"product_brand":[],"product_cat":[118],"product_tag":[],"class_list":{"0":"post-13302","1":"product","2":"type-product","3":"status-publish","4":"has-post-thumbnail","6":"product_cat-sale-shop","8":"first","9":"instock","10":"sale","11":"shipping-taxable","12":"purchasable","13":"product-type-simple"},"acf":[],"_links":{"self":[{"href":"https:\/\/uniqueworldss.shop\/es\/wp-json\/wp\/v2\/product\/13302","targetHints":{"allow":["GET"]}}],"collection":[{"href":"https:\/\/uniqueworldss.shop\/es\/wp-json\/wp\/v2\/product"}],"about":[{"href":"https:\/\/uniqueworldss.shop\/es\/wp-json\/wp\/v2\/types\/product"}],"replies":[{"embeddable":true,"href":"https:\/\/uniqueworldss.shop\/es\/wp-json\/wp\/v2\/comments?post=13302"}],"version-history":[{"count":4,"href":"https:\/\/uniqueworldss.shop\/es\/wp-json\/wp\/v2\/product\/13302\/revisions"}],"predecessor-version":[{"id":13324,"href":"https:\/\/uniqueworldss.shop\/es\/wp-json\/wp\/v2\/product\/13302\/revisions\/13324"}],"wp:featuredmedia":[{"embeddable":true,"href":"https:\/\/uniqueworldss.shop\/es\/wp-json\/wp\/v2\/media\/13303"}],"wp:attachment":[{"href":"https:\/\/uniqueworldss.shop\/es\/wp-json\/wp\/v2\/media?parent=13302"}],"wp:term":[{"taxonomy":"brand","embeddable":true,"href":"https:\/\/uniqueworldss.shop\/es\/wp-json\/wp\/v2\/etheme_brands?post=13302"},{"taxonomy":"product_brand","embeddable":true,"href":"https:\/\/uniqueworldss.shop\/es\/wp-json\/wp\/v2\/product_brand?post=13302"},{"taxonomy":"product_cat","embeddable":true,"href":"https:\/\/uniqueworldss.shop\/es\/wp-json\/wp\/v2\/product_cat?post=13302"},{"taxonomy":"product_tag","embeddable":true,"href":"https:\/\/uniqueworldss.shop\/es\/wp-json\/wp\/v2\/product_tag?post=13302"}],"curies":[{"name":"wp","href":"https:\/\/api.w.org\/{rel}","templated":true}]}}