{"id":13326,"date":"2026-02-10T01:32:15","date_gmt":"2026-02-10T01:32:15","guid":{"rendered":"https:\/\/uniqueworldss.shop\/?post_type=product&#038;p=13326"},"modified":"2026-02-10T01:50:45","modified_gmt":"2026-02-10T01:50:45","slug":"mini-lavadora-plegable-portatil-8-l-diseno-plegable-ahorrador-de-espacio-para-dormitorios-camping-camping-coche-ligero-lavado-rapido-y-secado-para-calcetines-ropa-toallas","status":"publish","type":"product","link":"https:\/\/uniqueworldss.shop\/es\/producto\/mini-lavadora-plegable-portatil-8-l-diseno-plegable-ahorrador-de-espacio-para-dormitorios-camping-camping-coche-ligero-lavado-rapido-y-secado-para-calcetines-ropa-toallas\/","title":{"rendered":"Mini lavadora plegable port\u00e1til 8 L , dise\u00f1o plegable, ahorrador de espacio para dormitorios \/ camping \/ camping-coche | Ligero, lavado r\u00e1pido y secado para calcetines, ropa, toallas"},"content":{"rendered":"<div data-elementor-type=\"product-post\" data-elementor-id=\"13326\" class=\"elementor elementor-13326\" data-elementor-post-type=\"product\">\n\t\t\t\t<div class=\"elementor-element elementor-element-7b980131 e-flex e-con-boxed e-con e-parent\" data-id=\"7b980131\" data-element_type=\"container\" data-settings=\"{&quot;ekit_has_onepagescroll_dot&quot;:&quot;yes&quot;}\">\n\t\t\t\t\t<div class=\"e-con-inner\">\n\t\t\t\t<div class=\"elementor-element elementor-element-5eb22775 elementor-widget elementor-widget-image\" data-id=\"5eb22775\" data-element_type=\"widget\" data-settings=\"{&quot;ekit_we_effect_on&quot;:&quot;none&quot;}\" data-widget_type=\"image.default\">\n\t\t\t\t<div class=\"elementor-widget-container\">\n\t\t\t\t\t\t\t\t\t\t\t\t\t\t\t<img loading=\"lazy\" decoding=\"async\" width=\"970\" height=\"600\" src=\"https:\/\/uniqueworldss.shop\/wp-content\/uploads\/2026\/02\/1-18.jpg\" class=\"attachment-full size-full wp-image-13336 wvs-archive-product-image\" alt=\"\" srcset=\"https:\/\/uniqueworldss.shop\/wp-content\/uploads\/2026\/02\/1-18.jpg 970w, https:\/\/uniqueworldss.shop\/wp-content\/uploads\/2026\/02\/1-18-300x186.jpg 300w, https:\/\/uniqueworldss.shop\/wp-content\/uploads\/2026\/02\/1-18-768x475.jpg 768w, https:\/\/uniqueworldss.shop\/wp-content\/uploads\/2026\/02\/1-18-18x12.jpg 18w, https:\/\/uniqueworldss.shop\/wp-content\/uploads\/2026\/02\/1-18-600x371.jpg 600w, https:\/\/uniqueworldss.shop\/wp-content\/uploads\/2026\/02\/1-18-1x1.jpg 1w, https:\/\/uniqueworldss.shop\/wp-content\/uploads\/2026\/02\/1-18-10x6.jpg 10w\" sizes=\"auto, (max-width: 970px) 100vw, 970px\" \/>\t\t\t\t\t\t\t\t\t\t\t\t\t\t\t<\/div>\n\t\t\t\t<\/div>\n\t\t\t\t\t<\/div>\n\t\t\t\t<\/div>\n\t\t<div class=\"elementor-element elementor-element-1a5ccb6f e-flex e-con-boxed e-con e-parent\" data-id=\"1a5ccb6f\" data-element_type=\"container\" data-settings=\"{&quot;ekit_has_onepagescroll_dot&quot;:&quot;yes&quot;}\">\n\t\t\t\t\t<div class=\"e-con-inner\">\n\t\t<div class=\"elementor-element elementor-element-65db3b29 e-con-full e-flex e-con e-child\" data-id=\"65db3b29\" data-element_type=\"container\" data-settings=\"{&quot;ekit_has_onepagescroll_dot&quot;:&quot;yes&quot;}\">\n\t\t\t\t<div class=\"elementor-element elementor-element-5411fa22 elementor-position-top elementor-widget elementor-widget-image-box\" data-id=\"5411fa22\" data-element_type=\"widget\" data-settings=\"{&quot;ekit_we_effect_on&quot;:&quot;none&quot;}\" data-widget_type=\"image-box.default\">\n\t\t\t\t<div class=\"elementor-widget-container\">\n\t\t\t\t\t<div class=\"elementor-image-box-wrapper\"><figure class=\"elementor-image-box-img\"><img loading=\"lazy\" decoding=\"async\" width=\"300\" height=\"300\" src=\"https:\/\/uniqueworldss.shop\/wp-content\/uploads\/2026\/02\/d7c24515-f390-4d63-920a-334b6e715c7b.__CR00750750_PT0_SX300_V1___.jpg\" class=\"attachment-full size-full wp-image-13337 wvs-archive-product-image\" alt=\"\" srcset=\"https:\/\/uniqueworldss.shop\/wp-content\/uploads\/2026\/02\/d7c24515-f390-4d63-920a-334b6e715c7b.__CR00750750_PT0_SX300_V1___.jpg 300w, https:\/\/uniqueworldss.shop\/wp-content\/uploads\/2026\/02\/d7c24515-f390-4d63-920a-334b6e715c7b.__CR00750750_PT0_SX300_V1___-150x150.jpg 150w, https:\/\/uniqueworldss.shop\/wp-content\/uploads\/2026\/02\/d7c24515-f390-4d63-920a-334b6e715c7b.__CR00750750_PT0_SX300_V1___-12x12.jpg 12w, https:\/\/uniqueworldss.shop\/wp-content\/uploads\/2026\/02\/d7c24515-f390-4d63-920a-334b6e715c7b.__CR00750750_PT0_SX300_V1___-100x100.jpg 100w, https:\/\/uniqueworldss.shop\/wp-content\/uploads\/2026\/02\/d7c24515-f390-4d63-920a-334b6e715c7b.__CR00750750_PT0_SX300_V1___-50x50.jpg 50w, https:\/\/uniqueworldss.shop\/wp-content\/uploads\/2026\/02\/d7c24515-f390-4d63-920a-334b6e715c7b.__CR00750750_PT0_SX300_V1___-1x1.jpg 1w, https:\/\/uniqueworldss.shop\/wp-content\/uploads\/2026\/02\/d7c24515-f390-4d63-920a-334b6e715c7b.__CR00750750_PT0_SX300_V1___-10x10.jpg 10w\" sizes=\"auto, (max-width: 300px) 100vw, 300px\" \/><\/figure><div class=\"elementor-image-box-content\"><h3 class=\"elementor-image-box-title\">Lavadora plegable<\/h3><p class=\"elementor-image-box-description\">Con un peso de s\u00f3lo 1,5 kg, esta lavadora port\u00e1til es compacta y f\u00e1cil de transportar, por lo que es ideal para su apartamento, residencia de estudiantes, caravana, viaje o camping. \u00a1Tambi\u00e9n es una opci\u00f3n de regalo ideal para usted!<\/p><\/div><\/div>\t\t\t\t<\/div>\n\t\t\t\t<\/div>\n\t\t\t\t<\/div>\n\t\t<div class=\"elementor-element elementor-element-834fb78 e-con-full e-flex e-con e-child\" data-id=\"834fb78\" data-element_type=\"container\" data-settings=\"{&quot;ekit_has_onepagescroll_dot&quot;:&quot;yes&quot;}\">\n\t\t\t\t<div class=\"elementor-element elementor-element-48682859 elementor-position-top elementor-widget elementor-widget-image-box\" data-id=\"48682859\" data-element_type=\"widget\" data-settings=\"{&quot;ekit_we_effect_on&quot;:&quot;none&quot;}\" data-widget_type=\"image-box.default\">\n\t\t\t\t<div class=\"elementor-widget-container\">\n\t\t\t\t\t<div class=\"elementor-image-box-wrapper\"><figure class=\"elementor-image-box-img\"><img loading=\"lazy\" decoding=\"async\" width=\"300\" height=\"300\" src=\"https:\/\/uniqueworldss.shop\/wp-content\/uploads\/2026\/02\/2-2-1.jpg\" class=\"attachment-full size-full wp-image-13338 wvs-archive-product-image\" alt=\"\" srcset=\"https:\/\/uniqueworldss.shop\/wp-content\/uploads\/2026\/02\/2-2-1.jpg 300w, https:\/\/uniqueworldss.shop\/wp-content\/uploads\/2026\/02\/2-2-1-150x150.jpg 150w, https:\/\/uniqueworldss.shop\/wp-content\/uploads\/2026\/02\/2-2-1-12x12.jpg 12w, https:\/\/uniqueworldss.shop\/wp-content\/uploads\/2026\/02\/2-2-1-100x100.jpg 100w, https:\/\/uniqueworldss.shop\/wp-content\/uploads\/2026\/02\/2-2-1-50x50.jpg 50w, https:\/\/uniqueworldss.shop\/wp-content\/uploads\/2026\/02\/2-2-1-1x1.jpg 1w, https:\/\/uniqueworldss.shop\/wp-content\/uploads\/2026\/02\/2-2-1-10x10.jpg 10w\" sizes=\"auto, (max-width: 300px) 100vw, 300px\" \/><\/figure><div class=\"elementor-image-box-content\"><h3 class=\"elementor-image-box-title\">Dise\u00f1o de drenaje razonable<\/h3><p class=\"elementor-image-box-description\">Tubo de drenaje aut\u00f3nomo, dise\u00f1o de orificio de drenaje inferior, cuelgue el tubo de agua al lavar, baje el tubo de agua despu\u00e9s de lavar y drene autom\u00e1ticamente.<\/p><\/div><\/div>\t\t\t\t<\/div>\n\t\t\t\t<\/div>\n\t\t\t\t<\/div>\n\t\t<div class=\"elementor-element elementor-element-4d5f7388 e-con-full e-flex e-con e-child\" data-id=\"4d5f7388\" data-element_type=\"container\" data-settings=\"{&quot;ekit_has_onepagescroll_dot&quot;:&quot;yes&quot;}\">\n\t\t\t\t<div class=\"elementor-element elementor-element-c928fcb elementor-position-top elementor-widget elementor-widget-image-box\" data-id=\"c928fcb\" data-element_type=\"widget\" data-settings=\"{&quot;ekit_we_effect_on&quot;:&quot;none&quot;}\" data-widget_type=\"image-box.default\">\n\t\t\t\t<div class=\"elementor-widget-container\">\n\t\t\t\t\t<div class=\"elementor-image-box-wrapper\"><figure class=\"elementor-image-box-img\"><img loading=\"lazy\" decoding=\"async\" width=\"300\" height=\"300\" src=\"https:\/\/uniqueworldss.shop\/wp-content\/uploads\/2026\/02\/2-3-1.jpg\" class=\"attachment-full size-full wp-image-13339 wvs-archive-product-image\" alt=\"\" srcset=\"https:\/\/uniqueworldss.shop\/wp-content\/uploads\/2026\/02\/2-3-1.jpg 300w, https:\/\/uniqueworldss.shop\/wp-content\/uploads\/2026\/02\/2-3-1-150x150.jpg 150w, https:\/\/uniqueworldss.shop\/wp-content\/uploads\/2026\/02\/2-3-1-12x12.jpg 12w, https:\/\/uniqueworldss.shop\/wp-content\/uploads\/2026\/02\/2-3-1-100x100.jpg 100w, https:\/\/uniqueworldss.shop\/wp-content\/uploads\/2026\/02\/2-3-1-50x50.jpg 50w, https:\/\/uniqueworldss.shop\/wp-content\/uploads\/2026\/02\/2-3-1-1x1.jpg 1w, https:\/\/uniqueworldss.shop\/wp-content\/uploads\/2026\/02\/2-3-1-10x10.jpg 10w\" sizes=\"auto, (max-width: 300px) 100vw, 300px\" \/><\/figure><div class=\"elementor-image-box-content\"><h3 class=\"elementor-image-box-title\">Ya no quedan manchas en el motor de alta potencia de 36 W<\/h3><p class=\"elementor-image-box-description\">Motor de alta potencia de cobre puro de 36W incorporado, el funcionamiento a alta velocidad controla el ritmo de lavado, y la limpieza es m\u00e1s potente.<\/p><\/div><\/div>\t\t\t\t<\/div>\n\t\t\t\t<\/div>\n\t\t\t\t<\/div>\n\t\t\t\t\t<\/div>\n\t\t\t\t<\/div>\n\t\t<div class=\"elementor-element elementor-element-86b8071 e-flex e-con-boxed e-con e-parent\" data-id=\"86b8071\" data-element_type=\"container\" data-settings=\"{&quot;ekit_has_onepagescroll_dot&quot;:&quot;yes&quot;}\">\n\t\t\t\t\t<div class=\"e-con-inner\">\n\t\t<div class=\"elementor-element elementor-element-70c5c67e e-con-full e-flex e-con e-child\" data-id=\"70c5c67e\" data-element_type=\"container\" data-settings=\"{&quot;ekit_has_onepagescroll_dot&quot;:&quot;yes&quot;}\">\n\t\t\t\t<div class=\"elementor-element elementor-element-34751fc7 elementor-widget elementor-widget-image\" data-id=\"34751fc7\" data-element_type=\"widget\" data-settings=\"{&quot;ekit_we_effect_on&quot;:&quot;none&quot;}\" data-widget_type=\"image.default\">\n\t\t\t\t<div class=\"elementor-widget-container\">\n\t\t\t\t\t\t\t\t\t\t\t\t\t\t\t<img loading=\"lazy\" decoding=\"async\" width=\"300\" height=\"400\" src=\"https:\/\/uniqueworldss.shop\/wp-content\/uploads\/2026\/02\/3-13.jpg\" class=\"attachment-large size-large wp-image-13340 wvs-archive-product-image\" alt=\"\" srcset=\"https:\/\/uniqueworldss.shop\/wp-content\/uploads\/2026\/02\/3-13.jpg 300w, https:\/\/uniqueworldss.shop\/wp-content\/uploads\/2026\/02\/3-13-225x300.jpg 225w, https:\/\/uniqueworldss.shop\/wp-content\/uploads\/2026\/02\/3-13-9x12.jpg 9w, https:\/\/uniqueworldss.shop\/wp-content\/uploads\/2026\/02\/3-13-1x1.jpg 1w, https:\/\/uniqueworldss.shop\/wp-content\/uploads\/2026\/02\/3-13-8x10.jpg 8w\" sizes=\"auto, (max-width: 300px) 100vw, 300px\" \/>\t\t\t\t\t\t\t\t\t\t\t\t\t\t\t<\/div>\n\t\t\t\t<\/div>\n\t\t\t\t<\/div>\n\t\t<div class=\"elementor-element elementor-element-600e9191 e-con-full e-flex e-con e-child\" data-id=\"600e9191\" data-element_type=\"container\" data-settings=\"{&quot;ekit_has_onepagescroll_dot&quot;:&quot;yes&quot;}\">\n\t\t\t\t<div class=\"elementor-element elementor-element-205bff0b elementor-widget elementor-widget-text-editor\" data-id=\"205bff0b\" data-element_type=\"widget\" data-settings=\"{&quot;ekit_we_effect_on&quot;:&quot;none&quot;}\" data-widget_type=\"text-editor.default\">\n\t\t\t\t<div class=\"elementor-widget-container\">\n\t\t\t\t\t\t\t\t\t<h3 class=\"a-spacing-mini\">Potente quitamanchas<\/h3><p class=\"a-spacing-base\">Esta lavadora ofrece una gama completa de imitaci\u00f3n de fregado a mano, una velocidad de lavado precisa y potentes efectos descontaminantes. Perfecta para lavar prendas peque\u00f1as, como ropa de beb\u00e9, ropa interior o calcetines, \u00a1para que usted y su familia est\u00e9n sanos!<\/p><ul class=\"a-unordered-list a-vertical\"><li><span class=\"a-list-item\"><span class=\"a-size-base\">No se recomiendan: vaqueros, faldas largas, albornoces y otras prendas voluminosas.<\/span><\/span><\/li><li><span class=\"a-list-item\"><span class=\"a-size-base\">Atenci\u00f3n: las lavadoras peque\u00f1as no tienen funci\u00f3n de centrifugado.<\/span><\/span><\/li><\/ul><div class=\"amp-centerthirdcol-listbox\"><div class=\"a-box a-spacing-small a-color-alternate-background apm-listbox amp-centerthirdcol-listbox\"><div class=\"a-box-inner\">\u00a0<\/div><\/div><\/div>\t\t\t\t\t\t\t\t<\/div>\n\t\t\t\t<\/div>\n\t\t\t\t<\/div>\n\t\t<div class=\"elementor-element elementor-element-52c8f00a e-con-full e-flex e-con e-child\" data-id=\"52c8f00a\" data-element_type=\"container\" data-settings=\"{&quot;ekit_has_onepagescroll_dot&quot;:&quot;yes&quot;}\">\n\t\t\t\t<div class=\"elementor-element elementor-element-6fefaa0b elementor-position-top elementor-widget elementor-widget-image-box\" data-id=\"6fefaa0b\" data-element_type=\"widget\" data-settings=\"{&quot;ekit_we_effect_on&quot;:&quot;none&quot;}\" data-widget_type=\"image-box.default\">\n\t\t\t\t<div class=\"elementor-widget-container\">\n\t\t\t\t\t<div class=\"elementor-image-box-wrapper\"><figure class=\"elementor-image-box-img\"><img loading=\"lazy\" decoding=\"async\" width=\"350\" height=\"175\" src=\"https:\/\/uniqueworldss.shop\/wp-content\/uploads\/2026\/02\/3-2-2.jpg\" class=\"attachment-full size-full wp-image-13341 wvs-archive-product-image\" alt=\"\" srcset=\"https:\/\/uniqueworldss.shop\/wp-content\/uploads\/2026\/02\/3-2-2.jpg 350w, https:\/\/uniqueworldss.shop\/wp-content\/uploads\/2026\/02\/3-2-2-300x150.jpg 300w, https:\/\/uniqueworldss.shop\/wp-content\/uploads\/2026\/02\/3-2-2-18x9.jpg 18w, https:\/\/uniqueworldss.shop\/wp-content\/uploads\/2026\/02\/3-2-2-1x1.jpg 1w, https:\/\/uniqueworldss.shop\/wp-content\/uploads\/2026\/02\/3-2-2-10x5.jpg 10w\" sizes=\"auto, (max-width: 350px) 100vw, 350px\" \/><\/figure><div class=\"elementor-image-box-content\"><h3 class=\"elementor-image-box-title\">Mini lavadora plegable<\/h3><p class=\"elementor-image-box-description\">La lavadora pesa s\u00f3lo 3,6 libras y mide 12,5 x 12,5 x 13,5 pulgadas cuando est\u00e1 desplegada y 12,5 x 12,5 x 6 pulgadas cuando est\u00e1 plegada.\n<\/p><\/div><\/div>\t\t\t\t<\/div>\n\t\t\t\t<\/div>\n\t\t\t\t<\/div>\n\t\t\t\t\t<\/div>\n\t\t\t\t<\/div>\n\t\t<div class=\"elementor-element elementor-element-39f581ba e-flex e-con-boxed e-con e-parent\" data-id=\"39f581ba\" data-element_type=\"container\" data-settings=\"{&quot;ekit_has_onepagescroll_dot&quot;:&quot;yes&quot;}\">\n\t\t\t\t\t<div class=\"e-con-inner\">\n\t\t\t\t<div class=\"elementor-element elementor-element-20b577f9 elementor-widget elementor-widget-image\" data-id=\"20b577f9\" data-element_type=\"widget\" data-settings=\"{&quot;ekit_we_effect_on&quot;:&quot;none&quot;}\" data-widget_type=\"image.default\">\n\t\t\t\t<div class=\"elementor-widget-container\">\n\t\t\t\t\t\t\t\t\t\t\t\t\t\t\t<img loading=\"lazy\" decoding=\"async\" width=\"970\" height=\"600\" src=\"https:\/\/uniqueworldss.shop\/wp-content\/uploads\/2026\/02\/4-7.jpg\" class=\"attachment-large size-large wp-image-13342 wvs-archive-product-image\" alt=\"\" srcset=\"https:\/\/uniqueworldss.shop\/wp-content\/uploads\/2026\/02\/4-7.jpg 970w, https:\/\/uniqueworldss.shop\/wp-content\/uploads\/2026\/02\/4-7-300x186.jpg 300w, https:\/\/uniqueworldss.shop\/wp-content\/uploads\/2026\/02\/4-7-768x475.jpg 768w, https:\/\/uniqueworldss.shop\/wp-content\/uploads\/2026\/02\/4-7-18x12.jpg 18w, https:\/\/uniqueworldss.shop\/wp-content\/uploads\/2026\/02\/4-7-600x371.jpg 600w, https:\/\/uniqueworldss.shop\/wp-content\/uploads\/2026\/02\/4-7-1x1.jpg 1w, https:\/\/uniqueworldss.shop\/wp-content\/uploads\/2026\/02\/4-7-10x6.jpg 10w\" sizes=\"auto, (max-width: 970px) 100vw, 970px\" \/>\t\t\t\t\t\t\t\t\t\t\t\t\t\t\t<\/div>\n\t\t\t\t<\/div>\n\t\t\t\t\t<\/div>\n\t\t\t\t<\/div>\n\t\t<div class=\"elementor-element elementor-element-20599ff3 e-flex e-con-boxed e-con e-parent\" data-id=\"20599ff3\" data-element_type=\"container\" data-settings=\"{&quot;ekit_has_onepagescroll_dot&quot;:&quot;yes&quot;}\">\n\t\t\t\t\t<div class=\"e-con-inner\">\n\t\t\t\t<div class=\"elementor-element elementor-element-5006957e elementor-widget elementor-widget-text-editor\" data-id=\"5006957e\" data-element_type=\"widget\" data-settings=\"{&quot;ekit_we_effect_on&quot;:&quot;none&quot;}\" data-widget_type=\"text-editor.default\">\n\t\t\t\t<div class=\"elementor-widget-container\">\n\t\t\t\t\t\t\t\t\t<div id=\"aplus_feature_div\" class=\"celwidget pd_rd_w-gkA5d pd_rd_r-XVCH4TXN044261CZHSHR pd_rd_wg-mz6fv\" data-feature-name=\"aplus\" data-csa-c-type=\"widget\" data-csa-c-content-id=\"aplus\" data-csa-c-slot-id=\"aplus_feature_div\" data-csa-c-asin=\"\" data-csa-c-is-in-initial-active-row=\"false\" data-csa-c-id=\"gnyv4x-1qxs9m-i25b0r-samibo\" data-cel-widget=\"aplus_feature_div\"><div id=\"aplus\" class=\"a-section a-spacing-large bucket\"><div lang=\"en_US\"><div class=\"aplus-v2 desktop celwidget\" data-csa-c-id=\"c1u674-vhtfun-pn2b5g-tv71jg\" data-cel-widget=\"aplus\"><div class=\"celwidget aplus-module 3p-module-b aplus-standard\" data-csa-c-id=\"7ourtq-1mtda1-xnrrjn-kqbq0d\" data-cel-widget=\"aplus-3p-module-b\"><div class=\"aplus-module-wrapper aplus-3p-fixed-width\"><p class=\"a-spacing-base\">Esta lavadora proporciona una gama completa de imitaci\u00f3n de lavado a mano, una velocidad de lavado precisa y un fuerte efecto de descontaminaci\u00f3n. Es muy adecuada para lavar prendas peque\u00f1as como ropa de beb\u00e9, ropa interior o calcetines, \u00a1manteni\u00e9ndole a usted y a su familia sanos!<\/p><p class=\"a-spacing-base\"><strong><span class=\"a-text-bold\">No se recomienda: vaqueros, faldas largas, albornoces y otras prendas voluminosas.<\/span><\/strong><\/p><p class=\"a-spacing-base\"><strong><span class=\"a-text-bold\">Nota: Las lavadoras peque\u00f1as no tienen funci\u00f3n de centrifugado.<\/span><\/strong><\/p><\/div><\/div><\/div><\/div><\/div><\/div>\t\t\t\t\t\t\t\t<\/div>\n\t\t\t\t<\/div>\n\t\t\t\t\t<\/div>\n\t\t\t\t<\/div>\n\t\t\t\t<\/div>","protected":false},"excerpt":{"rendered":"<p>Folding washing machine Weighing only 3.6 pounds, this portable washing machine is compact and easy to carry, making it ideal&#8230;<\/p>","protected":false},"featured_media":13329,"comment_status":"open","ping_status":"closed","template":"","meta":{"_acf_changed":false},"etheme_brands":[],"product_brand":[116],"product_cat":[118],"product_tag":[],"class_list":{"0":"post-13326","1":"product","2":"type-product","3":"status-publish","4":"has-post-thumbnail","6":"product_brand-sale","7":"product_cat-sale-shop","9":"first","10":"instock","11":"sale","12":"shipping-taxable","13":"purchasable","14":"product-type-variable","15":"has-default-attributes","16":"wvs-archive-product-wrapper"},"acf":[],"_links":{"self":[{"href":"https:\/\/uniqueworldss.shop\/es\/wp-json\/wp\/v2\/product\/13326","targetHints":{"allow":["GET"]}}],"collection":[{"href":"https:\/\/uniqueworldss.shop\/es\/wp-json\/wp\/v2\/product"}],"about":[{"href":"https:\/\/uniqueworldss.shop\/es\/wp-json\/wp\/v2\/types\/product"}],"replies":[{"embeddable":true,"href":"https:\/\/uniqueworldss.shop\/es\/wp-json\/wp\/v2\/comments?post=13326"}],"version-history":[{"count":4,"href":"https:\/\/uniqueworldss.shop\/es\/wp-json\/wp\/v2\/product\/13326\/revisions"}],"predecessor-version":[{"id":13350,"href":"https:\/\/uniqueworldss.shop\/es\/wp-json\/wp\/v2\/product\/13326\/revisions\/13350"}],"wp:featuredmedia":[{"embeddable":true,"href":"https:\/\/uniqueworldss.shop\/es\/wp-json\/wp\/v2\/media\/13329"}],"wp:attachment":[{"href":"https:\/\/uniqueworldss.shop\/es\/wp-json\/wp\/v2\/media?parent=13326"}],"wp:term":[{"taxonomy":"brand","embeddable":true,"href":"https:\/\/uniqueworldss.shop\/es\/wp-json\/wp\/v2\/etheme_brands?post=13326"},{"taxonomy":"product_brand","embeddable":true,"href":"https:\/\/uniqueworldss.shop\/es\/wp-json\/wp\/v2\/product_brand?post=13326"},{"taxonomy":"product_cat","embeddable":true,"href":"https:\/\/uniqueworldss.shop\/es\/wp-json\/wp\/v2\/product_cat?post=13326"},{"taxonomy":"product_tag","embeddable":true,"href":"https:\/\/uniqueworldss.shop\/es\/wp-json\/wp\/v2\/product_tag?post=13326"}],"curies":[{"name":"wp","href":"https:\/\/api.w.org\/{rel}","templated":true}]}}